{"id":34,"date":"2026-05-06T20:03:14","date_gmt":"2026-05-06T20:03:14","guid":{"rendered":"https:\/\/bo-unterwegs.ch\/?page_id=34"},"modified":"2026-05-10T18:46:33","modified_gmt":"2026-05-10T18:46:33","slug":"aus-und-weiterbildungen","status":"publish","type":"page","link":"https:\/\/bo-unterwegs.ch\/?page_id=34","title":{"rendered":"Aus- &amp; Weiterbildungen"},"content":{"rendered":"\n<p>Regelm\u00e4ssige Weiterbildungen und fachlicher Austausch sind f\u00fcr mich ein wichtiger Bestandteil meiner Arbeit.<\/p>\n\n\n\n<p>Besonders wichtig sind mir Themen rund um Verhalten, Stress, K\u00f6rpersprache, Bed\u00fcrfnisse und eine achtsame Mensch-Hund-Beziehung.<\/p>\n\n\n\n<h2 class=\"wp-block-heading\">Hundeverhalten &amp; Beziehung<\/h2>\n\n\n\n<ul class=\"wp-block-list\">\n<li>Tellington TTouch\u00ae Workshop \u2013 Dr. Debra Bailey<\/li>\n\n\n\n<li>Das Leben aus Sicht des Hundes \u2013 Turid Rugaas<\/li>\n\n\n\n<li>Stress und seine Konsequenzen \u2013 Turid Rugaas<\/li>\n\n\n\n<li>Calming Signals \u2013 Turid Rugaas<\/li>\n\n\n\n<li>Fachzirkel MACHT-Raum \u2013 Ute Spiekermann<\/li>\n\n\n\n<li>TSCHiGi Hundeverhaltensberaterin<\/li>\n\n\n\n<li>Walking your dog \u2013 what our latest studies have taught us \u2013 Turid Rugaas<\/li>\n<\/ul>\n\n\n\n<h2 class=\"wp-block-heading\">K\u00f6rperarbeit &amp; Gesundheit<\/h2>\n\n\n\n<ul class=\"wp-block-list\">\n<li>Mykotherapie &amp; Vitalpilze<\/li>\n\n\n\n<li>Ausbildung Fussreflexzonenmassage<\/li>\n\n\n\n<li>Bach-Bl\u00fcten Practitioner<\/li>\n\n\n\n<li>MBSR \u2013 Mindfulness Based Stress Reduction<\/li>\n\n\n\n<li>Fortlaufende Weiterbildung in Dunkelfelddiagnostik Mensch &amp; Tier<\/li>\n\n\n\n<li>Cranio-Sacrale Therapie f\u00fcr Pferde<\/li>\n\n\n\n<li>Akupressur &amp; TCM f\u00fcr Pferde<\/li>\n<\/ul>\n\n\n\n<h2 class=\"wp-block-heading\">Weitere pr\u00e4gende Weiterbildungen<\/h2>\n\n\n\n<p>Seit vielen Jahren begleiten mich zudem Weiterbildungen rund um Tiergesundheit, Pferdeverhalten, Tierkommunikation, Achtsamkeit, Palliative Care, Erste Hilfe und ganzheitliche Gesundheitsans\u00e4tze.<\/p>\n\n\n\n<p>All diese Erfahrungen pr\u00e4gen meinen heutigen Blick auf Mensch, Tier, Verhalten, Gesundheit und Beziehung.<\/p>\n","protected":false},"excerpt":{"rendered":"<p>Regelm\u00e4ssige Weiterbildungen und fachlicher Austausch sind f\u00fcr mich ein wichtiger Bestandteil meiner Arbeit. Besonders wichtig sind mir Themen rund um Verhalten, Stress, K\u00f6rpersprache, Bed\u00fcrfnisse und eine achtsame Mensch-Hund-Beziehung. Hundeverhalten &amp; Beziehung K\u00f6rperarbeit &amp; Gesundheit Weitere pr\u00e4gende Weiterbildungen Seit vielen Jahren begleiten mich zudem Weiterbildungen rund um Tiergesundheit, Pferdeverhalten, Tierkommunikation, Achtsamkeit, Palliative Care, Erste Hilfe und&#8230;<\/p>\n","protected":false},"author":1,"featured_media":0,"parent":0,"menu_order":0,"comment_status":"closed","ping_status":"closed","template":"","meta":{"_kad_post_transparent":"default","_kad_post_title":"hide","_kad_post_layout":"","_kad_post_sidebar_id":"","_kad_post_content_style":"","_kad_post_vertical_padding":"","_kad_post_feature":"","_kad_post_feature_position":"","_kad_post_header":false,"_kad_post_footer":false,"_kad_post_classname":"","footnotes":""},"class_list":["post-34","page","type-page","status-publish","hentry"],"_links":{"self":[{"href":"https:\/\/bo-unterwegs.ch\/index.php?rest_route=\/wp\/v2\/pages\/34","targetHints":{"allow":["GET"]}}],"collection":[{"href":"https:\/\/bo-unterwegs.ch\/index.php?rest_route=\/wp\/v2\/pages"}],"about":[{"href":"https:\/\/bo-unterwegs.ch\/index.php?rest_route=\/wp\/v2\/types\/page"}],"author":[{"embeddable":true,"href":"https:\/\/bo-unterwegs.ch\/index.php?rest_route=\/wp\/v2\/users\/1"}],"replies":[{"embeddable":true,"href":"https:\/\/bo-unterwegs.ch\/index.php?rest_route=%2Fwp%2Fv2%2Fcomments&post=34"}],"version-history":[{"count":7,"href":"https:\/\/bo-unterwegs.ch\/index.php?rest_route=\/wp\/v2\/pages\/34\/revisions"}],"predecessor-version":[{"id":161,"href":"https:\/\/bo-unterwegs.ch\/index.php?rest_route=\/wp\/v2\/pages\/34\/revisions\/161"}],"wp:attachment":[{"href":"https:\/\/bo-unterwegs.ch\/index.php?rest_route=%2Fwp%2Fv2%2Fmedia&parent=34"}],"curies":[{"name":"wp","href":"https:\/\/api.w.org\/{rel}","templated":true}]}}