{"id":38,"date":"2026-05-06T20:03:36","date_gmt":"2026-05-06T20:03:36","guid":{"rendered":"https:\/\/bo-unterwegs.ch\/?page_id=38"},"modified":"2026-05-12T21:10:05","modified_gmt":"2026-05-12T21:10:05","slug":"empfehlungen","status":"publish","type":"page","link":"https:\/\/bo-unterwegs.ch\/?page_id=38","title":{"rendered":"Empfehlungen"},"content":{"rendered":"\n<p>Es gibt Menschen, B\u00fccher und Angebote, die mich auf meinem Weg begleitet, inspiriert oder fachlich gepr\u00e4gt haben.<\/p>\n\n\n\n<p>Gerne teile ich hier ausgew\u00e4hlte Empfehlungen rund um Hundeverhalten, Gesundheit, Beziehung und achtsames Zusammenleben.<\/p>\n\n\n\n<h2 class=\"wp-block-heading\">B\u00fccher<\/h2>\n\n\n\n<p>Diese B\u00fccher haben meinen Blick auf Hunde, Verhalten und Beziehung besonders gepr\u00e4gt oder begleitet.<\/p>\n\n\n\n<ul class=\"wp-block-list\">\n<li>Calming Signals &#8211;  Die Beschwichtigungssignale der Hunde von Turid Rugaas<\/li>\n\n\n\n<li>Alltagswege zur Freundschaft &#8211; vom Zusammenleben mit (ausser)gew\u00f6hnlichen Hunden von Ulli Reichmann<\/li>\n\n\n\n<li>Emotionen bei Hunden sehen lernen: Eine Blickschule von Katja Grauss und Gabi Maue<\/li>\n\n\n\n<li>Dominanz &#8211; Tatsache oder Fixe Idee von Barry Eaton<\/li>\n<\/ul>\n\n\n\n<p><\/p>\n\n\n\n<h2 class=\"wp-block-heading\">Fachpersonen &amp; Begleitung<\/h2>\n\n\n\n<p>Je nach Thema kann eine zus\u00e4tzliche Begleitung oder Spezialisierung sehr wertvoll sein.<\/p>\n\n\n\n<p>Die folgenden Fachpersonen und Angebote sch\u00e4tze ich pers\u00f6nlich oder fachlich sehr.<\/p>\n\n\n\n<h4 class=\"wp-block-heading\">Ern\u00e4hrungsberatung<\/h4>\n\n\n\n<ul class=\"wp-block-list\">\n<li>Ganzheitliche Ern\u00e4hrungsberatung f\u00fcr nat\u00fcrliche F\u00fctterung &#8211; <a href=\"https:\/\/www.vajana.ch\/\">https:\/\/www.vajana.ch\/<\/a><\/li>\n<\/ul>\n\n\n\n<h4 class=\"wp-block-heading\">Therapie f\u00fcr K\u00f6rper, Geist &amp; Seele<\/h4>\n\n\n\n<ul class=\"wp-block-list\">\n<li>Chiropraktik, Akupunktur etc. &#8211; <a href=\"http:\/\/chiro-am-tier.ch\/\">http:\/\/chiro-am-tier.ch\/<\/a><\/li>\n\n\n\n<li>Hom\u00f6opathie und TCM &#8211; <a href=\"https:\/\/www.tierarztpraxis-keller.ch\/\">https:\/\/www.tierarztpraxis-keller.ch\/<\/a><\/li>\n\n\n\n<li>Bioresonanz &#8211; <a href=\"https:\/\/natur-heilt-tiere.de\/\">https:\/\/natur-heilt-tiere.de\/<\/a><\/li>\n<\/ul>\n\n\n\n<h4 class=\"wp-block-heading\">Verhaltensmedizin<\/h4>\n\n\n\n<p>Verhaltensmedizinische Begleitung kann besonders bei starken Stresssymptomen, \u00c4ngsten oder gesundheitlichen Zusammenh\u00e4ngen eine wertvolle Unterst\u00fctzung sein. <\/p>\n\n\n\n<p><a href=\"http:\/\/www.mayanimal.ch\" data-type=\"link\" data-id=\"www.mayanimal.ch\">Dr. Maya Br\u00e4m &#8211; Verhaltensmedizinerin<\/a> <\/p>\n\n\n\n<p><\/p>\n\n\n\n<p>Alle Empfehlungen teile ich aus pers\u00f6nlicher \u00dcberzeugung und weil sie gut zu einem achtsamen und respektvollen Umgang mit Mensch und Tier passen.<\/p>\n","protected":false},"excerpt":{"rendered":"<p>Es gibt Menschen, B\u00fccher und Angebote, die mich auf meinem Weg begleitet, inspiriert oder fachlich gepr\u00e4gt haben. Gerne teile ich hier ausgew\u00e4hlte Empfehlungen rund um Hundeverhalten, Gesundheit, Beziehung und achtsames Zusammenleben. B\u00fccher Diese B\u00fccher haben meinen Blick auf Hunde, Verhalten und Beziehung besonders gepr\u00e4gt oder begleitet. Fachpersonen &amp; Begleitung Je nach Thema kann eine zus\u00e4tzliche&#8230;<\/p>\n","protected":false},"author":1,"featured_media":0,"parent":0,"menu_order":0,"comment_status":"closed","ping_status":"closed","template":"","meta":{"_kad_post_transparent":"","_kad_post_title":"hide","_kad_post_layout":"","_kad_post_sidebar_id":"","_kad_post_content_style":"","_kad_post_vertical_padding":"","_kad_post_feature":"","_kad_post_feature_position":"","_kad_post_header":false,"_kad_post_footer":false,"_kad_post_classname":"","footnotes":""},"class_list":["post-38","page","type-page","status-publish","hentry"],"_links":{"self":[{"href":"https:\/\/bo-unterwegs.ch\/index.php?rest_route=\/wp\/v2\/pages\/38","targetHints":{"allow":["GET"]}}],"collection":[{"href":"https:\/\/bo-unterwegs.ch\/index.php?rest_route=\/wp\/v2\/pages"}],"about":[{"href":"https:\/\/bo-unterwegs.ch\/index.php?rest_route=\/wp\/v2\/types\/page"}],"author":[{"embeddable":true,"href":"https:\/\/bo-unterwegs.ch\/index.php?rest_route=\/wp\/v2\/users\/1"}],"replies":[{"embeddable":true,"href":"https:\/\/bo-unterwegs.ch\/index.php?rest_route=%2Fwp%2Fv2%2Fcomments&post=38"}],"version-history":[{"count":13,"href":"https:\/\/bo-unterwegs.ch\/index.php?rest_route=\/wp\/v2\/pages\/38\/revisions"}],"predecessor-version":[{"id":184,"href":"https:\/\/bo-unterwegs.ch\/index.php?rest_route=\/wp\/v2\/pages\/38\/revisions\/184"}],"wp:attachment":[{"href":"https:\/\/bo-unterwegs.ch\/index.php?rest_route=%2Fwp%2Fv2%2Fmedia&parent=38"}],"curies":[{"name":"wp","href":"https:\/\/api.w.org\/{rel}","templated":true}]}}